{"id":8178,"date":"2023-01-24T12:29:21","date_gmt":"2023-01-24T11:29:21","guid":{"rendered":"https:\/\/osobdravinji.splet.arnes.si\/?page_id=8178"},"modified":"2025-09-28T19:14:08","modified_gmt":"2025-09-28T17:14:08","slug":"mreza-unescu-pridruzenih-sol-aspnet","status":"publish","type":"page","link":"https:\/\/www.osobdravinji.si\/?page_id=8178","title":{"rendered":"Mre\u017ea Unescu pridru\u017eenih \u0161ol (ASPnet)"},"content":{"rendered":"\n<p class=\"has-text-align-left\">Osnovna \u0161ola Ob Dravinji Slovenske Konjice v \u0161olskem letu 2025\/2026 nadaljuje s svojim delom v mednarodni mre\u017ei UNESCU pridru\u017eenih \u0161ol (angl. UNESCO Associated Schools Network, kraj\u0161e ASPnet), ki deluje pod okriljem Organizacije zdru\u017eenih narodov za izobra\u017eevanje, znanost in kulturo.<\/p>\n\n\n\n<p>ASPnet, ustanovljen leta 1953, povezuje izobra\u017eevalne ustanove po vsem svetu v lu\u010di promocije izobra\u017eevanja za \u017eivljenje v svetovni skupnosti. Temeljni dokument, po katerem so se zgledovali \u017ee v rosnih letih, je Splo\u0161na deklaracija o \u010dlovekovih pravicah. Od leta 1993 je tudi Slovenija postala ena izmed dr\u017eav, ki so povezane v mednarodno mre\u017eo. Danes je na svetu 11.000 pridru\u017eenih \u0161ol iz 180 dr\u017eav. Zavezanost Slovenije je dobila svoje priznanje v letu 2002, ko je slovenska ASPnet prejela UNESCO nagrado Steber miru za svoje delo v podporo vzgoji za mir in nenasilje. Danes slovenski ASPnet zdru\u017euje pribli\u017eno 100 \u0161ol v 10 sredi\u0161\u010dih. \u010clani mre\u017ee so zavezani k spo\u0161tovanju vrednot:<\/p>\n\n\n\n<ul class=\"wp-block-list\">\n<li>kulture miru in nenasilja,<\/li>\n\n\n\n<li>strpnosti,<\/li>\n\n\n\n<li>sodelovanja,<\/li>\n\n\n\n<li>sprejemanja razli\u010dnosti,<\/li>\n\n\n\n<li>skrbi za posameznikov razvoj,<\/li>\n\n\n\n<li>ohranitve naravne in kulturne dedi\u0161\u010dine ter na\u0161ega planeta.<\/li>\n<\/ul>\n\n\n\n<p>Delo vzgojno-izobra\u017eevalnih institucij \u010dlanic Unescove mre\u017ee se odvija po \u0161tirih Delorsovih stebrih izobra\u017eevanja za 21. stoletje:<\/p>\n\n\n\n<ul class=\"wp-block-list\">\n<li>U\u010diti se, da bi vedeli!<\/li>\n\n\n\n<li>U\u010diti se delati!<\/li>\n\n\n\n<li>Nau\u010diti se \u017eiveti skupaj!<\/li>\n\n\n\n<li>U\u010diti se biti!<\/li>\n<\/ul>\n\n\n\n<p>Vzgojno-izobra\u017eevalno delo vrtcev in \u0161ol, ki \u017eelijo postati oz. so \u010dlanice mednarodne mre\u017ee vklju\u010duje teme, kot so: diskriminacija, demokracija, enakopravnost spolov, gozdovi, HIV ali AIDS, materin\u0161\u010dina, migracije in begunci, nacionalni parki, okolje, prilo\u017enosti za mlade, solidarnost, \u0161port, trajnostni na\u010din \u017eivljenja, zdrav na\u010din \u017eivljenja, vode in oceni ter vrednote in stali\u0161\u010da. Zapisane teme se realizira preko nacionalnih in mednarodnih projektov, v sklopu katerih se u\u010denci udele\u017eujejo razli\u010dnih delavnic na \u0161oli oz. na javnih mestih.<\/p>\n\n\n\n<p>ASPnet uporablja tri komplementarne pristope:<\/p>\n\n\n\n<ul class=\"wp-block-list\">\n<li><strong>Ustvarjanje<\/strong>: ASPnet kot laboratorij idej razvija, preizku\u0161a in \u0161iri inovativne izobra\u017eevalne materiale ter spodbuja nove pristope pou\u010devanja in u\u010denja, ki temeljijo na temeljnih vrednotah in prednostnih UNESCO nalogah.<\/li>\n\n\n\n<li><strong>Pou\u010devanje in u\u010denje<\/strong>: krepitev zmogljivosti, inovativno pou\u010devanje in participativno u\u010denje na specifi\u010dnih tematskih podro\u010djih ASPnet omogo\u010dajo ravnateljem \u0161ol, u\u010diteljem, u\u010dencem in \u0161ir\u0161i \u0161olski skupnosti, da vklju\u010dijo UNESCO vrednote in postanejo vzorniki v svoji skupnosti in zunaj nje.<\/li>\n\n\n\n<li><strong>Vzajemno delovanje<\/strong>: ASPnet svojim udele\u017eencem nudi prilo\u017enosti za povezovanje in izmenjavo izku\u0161enj, znanja in dobrih praks s \u0161olami, posamezniki, skupnostmi, oblikovalci politik in dru\u017ebo kot celoto.<\/li>\n<\/ul>\n\n\n\n<p>Na\u0161a \u0161ola sledi smernicam ASPnet s sodelovanjem v krovnem sredi\u0161\u010dnem projektu (Pozdrav ptic miru), z obele\u017eevanjem razli\u010dnih mednarodnih dni, redno udele\u017ebo na sre\u010danjih sredi\u0161\u010da in nacionalnem sre\u010danju ter z vklju\u010devanjem in sodelovanjem v projektih drugih \u0161ol. K sodelovanju so povabljeni preko projektov in posameznih aktivnosti povabljeni vsi u\u010denci O\u0160 Ob Dravinji, aktivno bo sodelovalo tudi 5 strokovnih delavcev.<\/p>\n\n\n\n<p>V leto\u0161njem \u0161olskem letu bomo sodelovali v slede\u010dih projektih:<\/p>\n\n\n\n<ul class=\"wp-block-list\">\n<li>V sodelovanju z naravo sam pridelam hrano (Krovni projekt sredi\u0161\u010da)<\/li>\n\n\n\n<li>Pozdrav ptic miru<\/li>\n\n\n\n<li>Izbolj\u0161amo odnos do hrane<\/li>\n\n\n\n<li>Menjaj branje in sanje<\/li>\n\n\n\n<li>Veselje do znanosti<\/li>\n<\/ul>\n\n\n\n<p>Na O\u0160 Ob Dravinji bomo v sodelovanju z agencijo SPIRIT organizirali \u0161olski projekt \u00bbPodjetni\u0161ki tabor\u00ab, ki preko razvijanja ve\u0161\u010din podjetnosti u\u010dencem privzgaja tudi sprejemanje razli\u010dnosti in poudarja pomen trajnosti in ohranjanja naravne in kulturne dedi\u0161\u010dine.<\/p>\n\n\n\n<p class=\"has-text-align-right\">Ingrid Dorner Radosavljevi\u0107, \u0161olska koordinatorica<\/p>\n\n\n\n<p><\/p>\n\n\n\n<p><strong>PODJETNI\u0160KI TABOR 2025<\/strong><\/p>\n\n\n\n<p>Izbira poklicne poti je lahko bolj ali manj stresna tako za otroke kot tudi za star\u0161e. Prav je, da se u\u010dence z razli\u010dnimi mo\u017enostmi poklicne poti seznanja skozi ves \u010das osnovno\u0161olskega izobra\u017eevanja, \u0161e posebej pa v zadnji triadi osnovne \u0161ole.<\/p>\n\n\n\n<p>Na podjetni\u0161kem taboru bodo u\u010denci spoznali bistvo podjetni\u0161tva. Izku\u0161eni mentorji jih bodo s prakti\u010dnimi nasveti vodili od iskanja idej do na\u010drtovanja uresni\u010ditve le-teh. Skozi razli\u010dne delavnice bodo na\u010drtovali svojo poslovno idejo in oblikovali svoj prototip. Pri tem bodo uporabljali odpadne materiale, s \u010dimer jih bomo okoljsko ozave\u0161\u010dali in skrbeli za trajnostni razvoj. Spoznali bodo prodajne trike in se preizkusili v javnem nastopanju, ob vsem tem pa se bodo medsebojno povezovali z vrstniki in se krepili v skupinskem delu.<\/p>\n\n\n\n<div class=\"wp-block-file\"><a id=\"wp-block-file--media-213754cf-be32-413b-9f63-d7e3ea94ccaa\" href=\"https:\/\/www.osobdravinji.si\/files\/2025\/09\/Prijavnica.docx\">Podjetni\u0161ki tabor &#8211; Prijavnica<\/a><a href=\"https:\/\/www.osobdravinji.si\/files\/2025\/09\/Prijavnica.docx\" class=\"wp-block-file__button wp-element-button\" download aria-describedby=\"wp-block-file--media-213754cf-be32-413b-9f63-d7e3ea94ccaa\">Download<\/a><\/div>\n\n\n\n<div class=\"wp-block-file\"><a id=\"wp-block-file--media-42904f79-d8ec-4eed-aa13-4c455ae83b50\" href=\"https:\/\/www.osobdravinji.si\/files\/2025\/09\/Evalvacijski-obrazec.docx\">Podjetni\u0161ki tabor &#8211; Evalvacijski obrazec<\/a><a href=\"https:\/\/www.osobdravinji.si\/files\/2025\/09\/Evalvacijski-obrazec.docx\" class=\"wp-block-file__button wp-element-button\" download aria-describedby=\"wp-block-file--media-42904f79-d8ec-4eed-aa13-4c455ae83b50\">Download<\/a><\/div>\n\n\n\n<p><\/p>\n","protected":false},"excerpt":{"rendered":"<p>Osnovna \u0161ola Ob Dravinji Slovenske Konjice v \u0161olskem letu 2025\/2026 nadaljuje s svojim delom v mednarodni mre\u017ei UNESCU pridru\u017eenih \u0161ol (angl. UNESCO Associated Schools Network, kraj\u0161e ASPnet), ki deluje pod okriljem Organizacije zdru\u017eenih narodov za izobra\u017eevanje, znanost in kulturo. ASPnet, ustanovljen leta 1953, povezuje izobra\u017eevalne ustanove po vsem svetu v lu\u010di promocije izobra\u017eevanja za \u017eivljenje v svetovni skupnosti. Temeljni dokument, po katerem so se zgledovali \u017ee v rosnih letih, je Splo\u0161na deklaracija o \u010dlovekovih pravicah. Od leta 1993 je tudi Slovenija postala ena izmed dr\u017eav, ki so povezane v mednarodno mre\u017eo. Danes je na svetu 11.000 pridru\u017eenih \u0161ol iz 180 [&hellip;]<\/p>\n","protected":false},"author":35617,"featured_media":0,"parent":0,"menu_order":0,"comment_status":"closed","ping_status":"closed","template":"","meta":{"footnotes":""},"class_list":["post-8178","page","type-page","status-publish","hentry"],"_links":{"self":[{"href":"https:\/\/www.osobdravinji.si\/index.php?rest_route=\/wp\/v2\/pages\/8178","targetHints":{"allow":["GET"]}}],"collection":[{"href":"https:\/\/www.osobdravinji.si\/index.php?rest_route=\/wp\/v2\/pages"}],"about":[{"href":"https:\/\/www.osobdravinji.si\/index.php?rest_route=\/wp\/v2\/types\/page"}],"author":[{"embeddable":true,"href":"https:\/\/www.osobdravinji.si\/index.php?rest_route=\/wp\/v2\/users\/35617"}],"replies":[{"embeddable":true,"href":"https:\/\/www.osobdravinji.si\/index.php?rest_route=%2Fwp%2Fv2%2Fcomments&post=8178"}],"version-history":[{"count":10,"href":"https:\/\/www.osobdravinji.si\/index.php?rest_route=\/wp\/v2\/pages\/8178\/revisions"}],"predecessor-version":[{"id":14217,"href":"https:\/\/www.osobdravinji.si\/index.php?rest_route=\/wp\/v2\/pages\/8178\/revisions\/14217"}],"wp:attachment":[{"href":"https:\/\/www.osobdravinji.si\/index.php?rest_route=%2Fwp%2Fv2%2Fmedia&parent=8178"}],"curies":[{"name":"wp","href":"https:\/\/api.w.org\/{rel}","templated":true}]}}