{"id":3437,"date":"2020-04-06T08:45:14","date_gmt":"2020-04-06T06:45:14","guid":{"rendered":"http:\/\/osobdravinji.splet.arnes.si\/?page_id=3437"},"modified":"2026-04-17T18:00:00","modified_gmt":"2026-04-17T16:00:00","slug":"neobvezni-izbirni-predmeti","status":"publish","type":"page","link":"https:\/\/www.osobdravinji.si\/?page_id=3437","title":{"rendered":"Neobvezni izbirni predmeti"},"content":{"rendered":"<p style=\"margin: 0cm;margin-bottom: .0001pt;text-align: justify;line-height: 150%\"><span style=\"font-size: 11.5pt;line-height: 150%;font-family: 'Segoe UI',sans-serif;color: #555555\">Neobvezni izbirni predmeti se izvajajo v skladu z 20a. \u010dlenom Zakona o osnovni \u0161oli (Uradni list RS, \u0161t. 63\/2013 z dne 26. 7. 2013).<\/span><\/p>\n<p style=\"margin: 0cm;margin-bottom: .0001pt;text-align: start;line-height: 150%\"><strong><span style=\"font-size: 11.5pt;line-height: 150%;font-family: 'Segoe UI',sans-serif;color: #555555\">20a. \u010dlen<\/span><\/strong><\/p>\n<p style=\"margin: 0cm;margin-bottom: .0001pt;text-align: start;line-height: 150%\"><span style=\"font-size: 11.5pt;line-height: 150%;font-family: 'Segoe UI',sans-serif;color: #555555\">\u0160ola za u\u010dence\u00a01. razreda\u00a0ponuja pouk prvega tujega jezika kot\u00a0neobvezni izbirni predmet.<\/span><\/p>\n<p style=\"margin: 0cm;margin-bottom: .0001pt;text-align: start;line-height: 150%\"><span style=\"font-size: 11.5pt;line-height: 150%;font-family: 'Segoe UI',sans-serif;color: #555555\">\u0160ola za u\u010dence\u00a04., 5. in 6.\u00a0razreda\u00a0ponuja pouk iz naslednjih neobveznih izbirnih predmetov:\u00a0drugega\u00a0tujega jezika, umetnosti, ra\u010dunalni\u0161tva, \u0161porta ter tehnike.<\/span><\/p>\n<p style=\"margin: 0cm;margin-bottom: .0001pt;text-align: start;line-height: 150%\"><span style=\"font-size: 11.5pt;line-height: 150%;font-family: 'Segoe UI',sans-serif;color: #555555\">\u0160ola za u\u010dence\u00a07., 8. in 9.\u00a0razreda\u00a0ponuja pouk\u00a0drugega tujega jezika kot neobvezni izbirni predmet.<\/span><\/p>\n<p style=\"margin: 0cm;margin-bottom: .0001pt;text-align: start;line-height: 150%\"><span style=\"font-size: 11.5pt;line-height: 150%;font-family: 'Segoe UI',sans-serif;color: #555555\">U\u010denci 4., 5. in 6. razreda\u00a0lahko\u00a0izberejo\u00a0<strong><span style=\"font-family: 'Segoe UI',sans-serif\">najve\u010d 2 uri<\/span><\/strong>\u00a0neobveznih izbirnih\u00a0predmetov.<\/span><\/p>\n<p style=\"margin: 0cm;margin-bottom: .0001pt;text-align: start;line-height: 150%\"><span style=\"font-size: 11.5pt;line-height: 150%;font-family: 'Segoe UI',sans-serif;color: #555555\">\u00a0<\/span><\/p>\n<p style=\"margin: 0cm;margin-bottom: .0001pt;text-align: start;line-height: 150%\"><u><span style=\"font-size: 11.5pt;line-height: 150%;font-family: 'Segoe UI',sans-serif;color: #555555\">U\u010denci bodo\u010dega 4., 5. in 6. r. na Osnovni \u0161oli Ob Dravinji<\/span><\/u><span style=\"font-size: 11.5pt;line-height: 150%;font-family: 'Segoe UI',sans-serif;color: #555555\"> bodo lahko v \u0161olskem letu 2026\/2027 izbirali med slede\u010dimi predmeti: <strong><span style=\"font-family: 'Segoe UI',sans-serif\">drugi tuj jezik \u2012 nem\u0161\u010dina, \u0161port, tehnika, ra\u010dunalni\u0161tvo in umetnost.<\/span><\/strong><\/span><\/p>\n<p><u><span style=\"font-size: 11.5pt;line-height: 150%;font-family: 'Segoe UI',sans-serif;color: #555555\">U\u010denci bodo\u010dega 4. in 5.r. na Osnovni \u0161oli Ob Dravinji, PO\u0160 Tepanje<\/span><\/u><span style=\"font-size: 11.5pt;line-height: 150%;font-family: 'Segoe UI',sans-serif;color: #555555\"> bodo lahko v \u0161olskem letu 2026\/2027 izbirali med slede\u010dimi predmeti: <strong><span style=\"font-family: 'Segoe UI',sans-serif\">drugi tuj jezik \u2012 nem\u0161\u010dina in \u0161port.<\/span><\/strong><\/span><\/p>\n<p>Izbirni predmet NEM\u0160\u010cINA je dvourni, in sicer se pou\u010duje v obsegu dveh ur tedensko. V primeru, da u\u010denec izbere nem\u0161\u010dino, ne more izbrati ve\u010d drugih neobveznih izbirnih predmetov. Izbirni predmeti \u0160PORT, TEHNIKA, RA\u010cUNALNI\u0160TVO in UMETNOST potekajo \u00a0eno uro na teden.<\/p>\n<p style=\"margin: 0cm;margin-bottom: .0001pt;text-align: justify;line-height: 150%\"><span style=\"font-size: 11.5pt;line-height: 150%;font-family: 'Segoe UI',sans-serif;color: #555555\">\u00a0<\/span><\/p>\n<p style=\"margin: 0cm;margin-bottom: .0001pt;text-align: start;line-height: 150%\"><span style=\"font-size: 11.5pt;line-height: 150%;font-family: 'Segoe UI',sans-serif;color: #555555\">Klikni na predmet, za opis.<\/span><\/p>\n<ul>\n<li><strong><a href=\"https:\/\/www.osobdravinji.si\/files\/2026\/04\/NIP-Nemscina.pdf\">NIP Nem\u0161\u010dina<\/a><\/strong><\/li>\n<li><a href=\"https:\/\/www.osobdravinji.si\/files\/2024\/04\/NIP-Rac\u030cunalnis\u030ctvo.pdf\"><strong>NIP Rac\u030cunalnis\u030ctvo<\/strong><\/a><\/li>\n<li><strong><a href=\"https:\/\/www.osobdravinji.si\/files\/2026\/04\/NIP-Sport.pdf\">NIP \u0160port<\/a><\/strong><\/li>\n<li><a href=\"https:\/\/www.osobdravinji.si\/files\/2024\/04\/NIP-Tehnika.pdf\"><strong>NIP Tehnika<\/strong><\/a><\/li>\n<li><strong><a href=\"https:\/\/www.osobdravinji.si\/files\/2026\/04\/NIP-Umetnost.pdf\">NIP Umetnost<\/a><\/strong><\/li>\n<\/ul>\n<p><strong>Skupne zna\u010dilnosti neobveznih izbirnih predmetov za 4., 5. in 6. razred:<\/strong><\/p>\n<ul>\n<li>\n<p style=\"margin: 0cm;margin-bottom: .0001pt;line-height: 150%;background: white\"><span style=\"font-size: 11.5pt;line-height: 150%;font-family: 'Segoe UI',sans-serif;color: black\">Neobvezni izbirni predmeti omogo\u010dajo u\u010dencu, da obiskuje pouk tistega predmeta, ki ga izbere glede na svoje \u017eelje oz. sposobnosti.<\/span><\/p>\n<\/li>\n<li>\n<p style=\"margin: 0cm;margin-bottom: .0001pt;line-height: 150%;background: white\"><span style=\"font-size: 11.5pt;line-height: 150%;font-family: 'Segoe UI',sans-serif;color: black\">U\u010denci\u00a0<strong><span style=\"font-family: 'Segoe UI',sans-serif\">lahko izberejo najve\u010d 2 uri neobveznih izbirnih predmetov<\/span><\/strong>. Seveda pa se lahko u\u010denec v soglasju s star\u0161i odlo\u010di, da bo obiskoval le 1 uro neobveznih izbirnih predmetov ali da ne bo obiskoval nobenega neobveznega izbirnega predmeta.<\/span><\/p>\n<\/li>\n<li>Vsi neobvezni izbirni predmeti se izvajajo po 1 uro tedensko, le tuj jezik &#8211; nem\u0161\u010dina se izvaja po 2 uri tedensko.<\/li>\n<li>Neobvezni izbirni predmeti so\u00a0<strong><u>neobvezni<\/u><\/strong>, torej jih ni nujno izbrati.\u00a0<strong><u>Ko pa se u\u010denec za<\/u><\/strong>\u00a0<strong><u>predmet odlo\u010di, ga mora obvezno obiskovati do konca \u0161olskega leta<\/u><\/strong><u>.<\/u>\u00a0Odsotnost u\u010denca od pouka tega predmeta so star\u0161i dol\u017eni opravi\u010diti tako kot obvezne ure.<\/li>\n<li>Neobvezni izbirni predmeti\u00a0<strong>se ocenjujejo<\/strong>\u00a0in ocena se zapi\u0161e v spri\u010devalo.<\/li>\n<li>U\u010denec lahko vsako leto zamenja neobvezni izbirni predmet, \u010de to \u017eeli, lahko pa svoje znanje pri istem neobveznem izbirnem predmetu nadgrajuje in poglablja v vsem obdobju.<\/li>\n<li>Pri pripravi in organizaciji urnika je potrebno upo\u0161tevati, da sodijo neobvezni izbirni predmeti v raz\u0161irjeni program osnovne \u0161ole, zato ti predmeti ne morejo biti uvr\u0161\u010deni v urnik med obvezne predmete.<\/li>\n<\/ul>\n<p><strong>Navodila za prijavo na neobvezni izbirni predmet:<\/strong><\/p>\n<p>U\u010denci se k neobveznemu izbirnemu predmetu prijavijo z elektronsko prijavnico preko spletne strani Lopolis. Navodila za prijavo lahko najdete tukaj: <a href=\"https:\/\/www.osobdravinji.si\/files\/2026\/04\/Predmeti-Spletna-prijava-na-predmete.pdf\">Predmeti &#8211; Spletna prijava na predmete<\/a>.<\/p>\n<p>Za dodatne informacije glede izbirnih predmetov se lahko obrnete na \u0161olsko svetovalno slu\u017ebo, go. Suzano Kov\u0161e \u2013 suzana.kovse@obdravinji.si.<\/p>\n<p><a href=\"https:\/\/www.osobdravinji.si\/files\/2026\/04\/Neobvezni-izbirni-predmeti-2026-2027.pdf\">Neobvezni izbirni predmeti 2026-2027<\/a><\/p>\n","protected":false},"excerpt":{"rendered":"<p>Neobvezni izbirni predmeti se izvajajo v skladu z 20a. \u010dlenom Zakona o osnovni \u0161oli (Uradni list RS, \u0161t. 63\/2013 z dne 26. 7. 2013). 20a. \u010dlen \u0160ola za u\u010dence\u00a01. razreda\u00a0ponuja pouk prvega tujega jezika kot\u00a0neobvezni izbirni predmet. \u0160ola za u\u010dence\u00a04., 5. in 6.\u00a0razreda\u00a0ponuja pouk iz naslednjih neobveznih izbirnih predmetov:\u00a0drugega\u00a0tujega jezika, umetnosti, ra\u010dunalni\u0161tva, \u0161porta ter tehnike. \u0160ola za u\u010dence\u00a07., 8. in 9.\u00a0razreda\u00a0ponuja pouk\u00a0drugega tujega jezika kot neobvezni izbirni predmet. U\u010denci 4., 5. in 6. razreda\u00a0lahko\u00a0izberejo\u00a0najve\u010d 2 uri\u00a0neobveznih izbirnih\u00a0predmetov. \u00a0 U\u010denci bodo\u010dega 4., 5. in 6. r. na Osnovni \u0161oli Ob Dravinji bodo lahko v \u0161olskem letu 2026\/2027 izbirali med slede\u010dimi predmeti: [&hellip;]<\/p>\n","protected":false},"author":36039,"featured_media":0,"parent":0,"menu_order":0,"comment_status":"closed","ping_status":"closed","template":"","meta":{"footnotes":""},"class_list":["post-3437","page","type-page","status-publish","hentry"],"_links":{"self":[{"href":"https:\/\/www.osobdravinji.si\/index.php?rest_route=\/wp\/v2\/pages\/3437","targetHints":{"allow":["GET"]}}],"collection":[{"href":"https:\/\/www.osobdravinji.si\/index.php?rest_route=\/wp\/v2\/pages"}],"about":[{"href":"https:\/\/www.osobdravinji.si\/index.php?rest_route=\/wp\/v2\/types\/page"}],"author":[{"embeddable":true,"href":"https:\/\/www.osobdravinji.si\/index.php?rest_route=\/wp\/v2\/users\/36039"}],"replies":[{"embeddable":true,"href":"https:\/\/www.osobdravinji.si\/index.php?rest_route=%2Fwp%2Fv2%2Fcomments&post=3437"}],"version-history":[{"count":14,"href":"https:\/\/www.osobdravinji.si\/index.php?rest_route=\/wp\/v2\/pages\/3437\/revisions"}],"predecessor-version":[{"id":16046,"href":"https:\/\/www.osobdravinji.si\/index.php?rest_route=\/wp\/v2\/pages\/3437\/revisions\/16046"}],"wp:attachment":[{"href":"https:\/\/www.osobdravinji.si\/index.php?rest_route=%2Fwp%2Fv2%2Fmedia&parent=3437"}],"curies":[{"name":"wp","href":"https:\/\/api.w.org\/{rel}","templated":true}]}}